{"id":1080,"date":"2014-05-09T04:35:09","date_gmt":"2014-05-09T02:35:09","guid":{"rendered":"http:\/\/localhost\/wordpress-3.9.1\/wordpress\/?page_id=2"},"modified":"2020-05-14T14:06:22","modified_gmt":"2020-05-14T12:06:22","slug":"praxis-rage-holm","status":"publish","type":"page","link":"http:\/\/proof-bar.de\/krause\/","title":{"rendered":"Praxis Rage-Holm"},"content":{"rendered":"<div id=\"pl-1080\"  class=\"panel-layout\" ><div id=\"pg-1080-0\"  class=\"panel-grid panel-has-style\" ><div class=\"panel-widget-style panel-row-style panel-row-style-for-1080-0\" ><div id=\"pgc-1080-0-0\"  class=\"panel-grid-cell\" ><div id=\"panel-1080-0-0-0\" class=\"so-panel widget widget_sow-editor panel-first-child panel-last-child\" data-index=\"0\" ><div\n\t\t\t\n\t\t\tclass=\"so-widget-sow-editor so-widget-sow-editor-base\"\n\t\t\t\n\t\t>\n<div class=\"siteorigin-widget-tinymce textwidget\">\n\t<h2>Liebe Patientinnen und Patienten,<\/h2>\n<h5 style=\"text-align: justify;\"><span style=\"color: #333333;\">durch die Corona-Pandemie haben wir unsere Sprechzeiten f\u00fcr einige Wochen einschr\u00e4nken m\u00fcssen und haben nur dringende zahn\u00e4rztliche Behandlungen durchgef\u00fchrt.<\/span><\/h5>\n<h5 style=\"text-align: justify;\"><span style=\"color: #333333;\">Wir stellen uns darauf ein, dass uns die Corona-Thematik noch lange besch\u00e4ftigen wird und nehmen diese sehr ernst. Die Zahn\u00e4rztliche Pr\u00e4vention kann jedoch nicht auf einen ungewissen Zeitpunkt verschoben werden.<\/span><\/h5>\n<h5 style=\"text-align: justify;\"><span style=\"color: #333333;\">Daher nehmen wir ab sofort wieder den Betrieb vollst\u00e4ndig auf, haben jedoch unsere Hygienestandards zus\u00e4tzlich versch\u00e4rft.<\/span><\/h5>\n<h5 style=\"text-align: justify;\"><span style=\"color: #333333;\">Ihre Sicherheit und Ihr Wohlbefinden steht bei uns an erster Stelle.<\/span><br \/>\n<\/h5>\n<h5 style=\"text-align: justify;\"><span style=\"color: #333333;\">Bei R\u00fcckfragen und Terminabsprachen k\u00f6nnen Sie uns gerne unter 02871-236790 erreichen.<\/span><\/h5>\n<\/div>\n<\/div><\/div><\/div><\/div><\/div><div id=\"pg-1080-1\"  class=\"panel-grid panel-has-style\" ><div class=\"siteorigin-panels-stretch kt-panel-row-stretch panel-widget-style panel-row-style panel-row-style-for-1080-1\" style=\"visibility: hidden;\" data-stretch-type=\"full\" ><div id=\"pgc-1080-1-0\"  class=\"panel-grid-cell\" ><div id=\"panel-1080-1-0-0\" class=\"so-panel widget widget_black-studio-tinymce widget_black_studio_tinymce panel-first-child panel-last-child\" data-index=\"1\" ><div class=\"textwidget\"><div class=\"row\"> <div class=\"col-md-6  \">\n<h3>Wir wollen unsere Patienten auf h\u00f6chstem zahnmedizinischen Niveau betreuen.<\/h3>\n<p>Gesunde und sch\u00f6ne Z\u00e4hne spielen eine wichtige Rolle f\u00fcr Ihr pers\u00f6nliches Wohlbefinden, Ihre Ausstrahlung und Ihre Lebensqualit\u00e4t.<\/p>\n<p>Unser team ber\u00e4t und behandelt Sie mit dem Anspruch medizinischer Kompetenz, pr\u00e4ziser Qualit\u00e4t der Arbeit und Auswahl von Materialien nach neustem medizinischen Stand.<\/p>\n<\/div><div class=\"col-md-6  \">\n<h3>Wir haben uns spezialisiert auf:<\/h3>\n\t\t\t<i class=\"kt-icon-plus2 kad-smcircle-iconclass\" style=\"font-size:12px; display=inline-block; color:#ffffff; background:#cfd3e7;\t\t\t\"><\/i>\n\t\u00a0\u00a0<a href=\"http:\/\/proof-bar.de\/krause\/portfolio\/aesthetische-2\/\">Zahnfarbene Restaurationen<\/a><\/p>\n\t\t\t<i class=\"kt-icon-plus2 kad-smcircle-iconclass\" style=\"font-size:12px; display=inline-block; color:#ffffff; background:#cfd3e7;\t\t\t\"><\/i>\n\t\u00a0\u00a0<a href=\"http:\/\/proof-bar.de\/krause\/portfolio\/implantologie_und_chirurgie\/\">Implantologie<\/a><\/p>\n\t\t\t<i class=\"kt-icon-plus2 kad-smcircle-iconclass\" style=\"font-size:12px; display=inline-block; color:#ffffff; background:#cfd3e7;\t\t\t\"><\/i>\n\t\u00a0\u00a0<a href=\"http:\/\/proof-bar.de\/krause\/portfolio\/prophylaxe\/\">Prophylaxe<\/a><\/p>\n\t\t\t<i class=\"kt-icon-plus2 kad-smcircle-iconclass\" style=\"font-size:12px; display=inline-block; color:#ffffff; background:#cfd3e7;\t\t\t\"><\/i>\n\t\u00a0\u00a0<a href=\"http:\/\/proof-bar.de\/krause\/portfolio\/parodontologie\/\">Parodontologie<\/a><\/p>\n\t\t\t<i class=\"kt-icon-plus2 kad-smcircle-iconclass\" style=\"font-size:12px; display=inline-block; color:#ffffff; background:#cfd3e7;\t\t\t\"><\/i>\n\t\u00a0\u00a0<a href=\"http:\/\/proof-bar.de\/krause\/portfolio\/endodontie\/\">Endodontologie<\/a><\/p>\n<\/div><\/div>\n<\/div><\/div><\/div><\/div><\/div><\/div>","protected":false},"excerpt":{"rendered":"<p>Liebe Patientinnen und Patienten, durch die Corona-Pandemie haben wir unsere Sprechzeiten f\u00fcr einige Wochen einschr\u00e4nken m\u00fcssen und haben nur dringende zahn\u00e4rztliche Behandlungen durchgef\u00fchrt. Wir stellen uns darauf ein, dass uns die Corona-Thematik noch lange besch\u00e4ftigen wird und nehmen diese sehr &hellip; <a href=\"http:\/\/proof-bar.de\/krause\/\">Weiterlesen<\/a><\/p>\n","protected":false},"author":1,"featured_media":0,"parent":0,"menu_order":0,"comment_status":"closed","ping_status":"closed","template":"","meta":[],"_links":{"self":[{"href":"http:\/\/proof-bar.de\/krause\/wp-json\/wp\/v2\/pages\/1080"}],"collection":[{"href":"http:\/\/proof-bar.de\/krause\/wp-json\/wp\/v2\/pages"}],"about":[{"href":"http:\/\/proof-bar.de\/krause\/wp-json\/wp\/v2\/types\/page"}],"author":[{"embeddable":true,"href":"http:\/\/proof-bar.de\/krause\/wp-json\/wp\/v2\/users\/1"}],"replies":[{"embeddable":true,"href":"http:\/\/proof-bar.de\/krause\/wp-json\/wp\/v2\/comments?post=1080"}],"version-history":[{"count":71,"href":"http:\/\/proof-bar.de\/krause\/wp-json\/wp\/v2\/pages\/1080\/revisions"}],"predecessor-version":[{"id":1290,"href":"http:\/\/proof-bar.de\/krause\/wp-json\/wp\/v2\/pages\/1080\/revisions\/1290"}],"wp:attachment":[{"href":"http:\/\/proof-bar.de\/krause\/wp-json\/wp\/v2\/media?parent=1080"}],"curies":[{"name":"wp","href":"https:\/\/api.w.org\/{rel}","templated":true}]}}