{"id":13,"date":"2014-07-21T13:48:46","date_gmt":"2014-07-21T11:48:46","guid":{"rendered":"http:\/\/www.rage-holm.de\/\/?page_id=13"},"modified":"2021-01-05T17:49:57","modified_gmt":"2021-01-05T16:49:57","slug":"kontakt","status":"publish","type":"page","link":"http:\/\/proof-bar.de\/krause\/kontakt\/","title":{"rendered":"KONTAKT"},"content":{"rendered":"<div id=\"pl-13\"  class=\"panel-layout\" ><div id=\"pg-13-0\"  class=\"panel-grid panel-no-style\" ><div id=\"pgc-13-0-0\"  class=\"panel-grid-cell\" ><div id=\"panel-13-0-0-0\" class=\"so-panel widget widget_sow-editor panel-first-child panel-last-child\" data-index=\"0\" ><div\n\t\t\t\n\t\t\tclass=\"so-widget-sow-editor so-widget-sow-editor-base\"\n\t\t\t\n\t\t>\n<div class=\"siteorigin-widget-tinymce textwidget\">\n\t<h5><img decoding=\"async\" loading=\"lazy\" class=\"alignnone size-full wp-image-1325\" src=\"http:\/\/proof-bar.de\/krause\/wp-content\/uploads\/truebenbach_rb_0326.jpg\" alt=\"\" width=\"768\" height=\"512\" srcset=\"http:\/\/proof-bar.de\/krause\/wp-content\/uploads\/truebenbach_rb_0326.jpg 768w, http:\/\/proof-bar.de\/krause\/wp-content\/uploads\/truebenbach_rb_0326-300x200.jpg 300w, http:\/\/proof-bar.de\/krause\/wp-content\/uploads\/truebenbach_rb_0326-272x182.jpg 272w\" sizes=\"(max-width: 768px) 100vw, 768px\" \/><\/h5>\n<\/div>\n<\/div><\/div><\/div><div id=\"pgc-13-0-1\"  class=\"panel-grid-cell\" ><div id=\"panel-13-0-1-0\" class=\"so-panel widget widget_black-studio-tinymce widget_black_studio_tinymce panel-first-child panel-last-child\" data-index=\"1\" ><div class=\"textwidget\"><h5>Nehmen Sie mit uns Kontakt auf!<\/h5>\n<hr \/>\n<h3>MVZ Dr. Tr\u00fcbenbach Casinowall GmbH<\/h3>\n<hr \/>\n<p>Casinowall 4-6<br \/>\n46399 Bocholt<\/p>\n<p>Telefon 0 28 71 - 10 07<\/p>\n<hr \/>\n<p>Falls Sie mit dem PKW anreisen, so finden Sie Parkm\u00f6glichkeiten direkt auf unserem eigenen Parkplatz.<\/p>\n<p><strong>F\u00fcr eine gr\u00f6\u00dfere Ansicht bitte auf die Karte klicken!<\/strong><\/p>\n<hr \/>\n<p><a href=\"http:\/\/proof-bar.de\/krause\/wp-content\/uploads\/anfahrt_truebenbach.jpg\"><img class=\"alignnone wp-image-1349 size-medium\" src=\"http:\/\/proof-bar.de\/krause\/wp-content\/uploads\/anfahrt_truebenbach-300x167.jpg\" alt=\"\" width=\"300\" height=\"167\" \/><\/a><\/p>\n<hr \/>\n<p>&nbsp;<\/p>\n<\/div><\/div><\/div><\/div><div id=\"pg-13-1\"  class=\"panel-grid panel-no-style\" ><div id=\"pgc-13-1-0\"  class=\"panel-grid-cell\" ><div id=\"panel-13-1-0-0\" class=\"so-panel widget widget_black-studio-tinymce widget_black_studio_tinymce panel-first-child panel-last-child\" data-index=\"2\" ><div class=\"textwidget\"><h3>Hier haben Sie die M\u00f6glichkeit online einen Termin-Wunsch an uns zu senden.<\/h3>\n<ul>\n<li>Die mit * gekennzeichneten Felder sind Pflichtfelder und m\u00fcssen ausgef\u00fcllt werden.<\/li>\n<li>Sie erhalten von uns umgehend eine Best\u00e4tigung per Email.<\/li>\n<li>Wenn Sie eine telefonische Best\u00e4tigung w\u00fcnschen, dann geben Sie bitte Ihre Telefonnummer an.<\/li>\n<\/ul>\n<\/div><\/div><\/div><div id=\"pgc-13-1-1\"  class=\"panel-grid-cell\" ><div id=\"panel-13-1-1-0\" class=\"so-panel widget widget_black-studio-tinymce widget_black_studio_tinymce panel-first-child panel-last-child\" data-index=\"3\" ><div class=\"panel-widget-style panel-widget-style-for-13-1-1-0\" ><div class=\"textwidget\"><form enctype=\"multipart\/form-data\" method=\"post\" id=\"psfb1248\" action=\"http:\/\/proof-bar.de\/krause\/kontakt\/\" class=\"planso-form-builder form-horizontal\" data-id=\"1248\" data-cnt=\"1\" id=\"planso_forms_1248_1\" data-locale=\"de\" data-locale_long=\"de_DE\" data-datepicker=\"bootstrap-datetimepicker\" data-date_format=\"j. F Y\" data-moment_date_format=\"D. MMMM YYYY\" data-jqueryui_date_format=\"d. MM yy\" data-eternicode_date_format=\"d. MM yyyy\"><div class=\"container-fluid\"><input type=\"hidden\" name=\"psfb_pageurl\" value=\"http:\/\/proof-bar.de\/krause\/kontakt\/\"\/><input type=\"hidden\" name=\"psfb_userip\" value=\"216.73.216.237\"\/><input type=\"hidden\" name=\"psfb_useragent\" value=\"Mozilla\/5.0 AppleWebKit\/537.36 (KHTML, like Gecko; compatible; ClaudeBot\/1.0; +claudebot@anthropic.com)\"\/><input type=\"hidden\" name=\"psfb_landingpage\" value=\"http:\/\/proof-bar.de\/krause\/wp-json\/wp\/v2\/pages\/13\"\/><input type=\"hidden\" name=\"psfb_referer\" value=\"Direct\"\/><input type=\"hidden\" name=\"psfb_page_id\" value=\"13\"\/><input type=\"hidden\" name=\"psfb_form_submit\" value=\"1\"\/><input type=\"hidden\" name=\"psfb_form_id\" value=\"1248\"\/><input type=\"hidden\" name=\"psfb_form_cnt\" value=\"1\"\/><div style=\"display:none\"><input type=\"text\" name=\"psfb_hon_as\"\/><\/div><div style=\"display:none\"><input type=\"text\" name=\"psfb_hon_as2\" id=\"psfb_hon_as2_1248_1\" value=\"b88708a3d131770b8b789c35c2f03e61\"\/><\/div><div style=\"display:none\"><input type=\"text\" name=\"psfb_cnt_check\" value=\"1\"\/><\/div><div class=\"row\"><div class=\"col-md-12\"><div class=\"form-group psfb-single-container\"><h1 style=\"border-bottom-color: rgb(242, 242, 242); border-bottom-width: 1px; border-bottom-style: solid;\" class=\"\">Zur Person<\/h1><\/div><\/div><\/div><div class=\"row\"><div class=\"col-md-12\"><div class=\"form-group psfb-single-container\"><label class=\"control-label col-md-2\" for=\"psfield_1248_2\">Vorname<span class=\"psfb_required_mark\">*<\/span><\/label><div class=\" col-md-10\"><input type=\"text\" required=\"required\" data-required=\"required\" name=\"Vorname\" value=\"\" class=\"form-control  \" id=\"psfield_1248_2\" style=\"\"\/><\/div><\/div><\/div><\/div><div class=\"row\"><div class=\"col-md-12\"><div class=\"form-group psfb-single-container\"><label class=\"control-label col-md-2\" for=\"psfield_1248_3\">Nachname<span class=\"psfb_required_mark\">*<\/span><\/label><div class=\" col-md-10\"><input type=\"text\" required=\"required\" data-required=\"required\" name=\"Nachname\" value=\"\" class=\"form-control  \" id=\"psfield_1248_3\" style=\"\"\/><\/div><\/div><\/div><\/div><div class=\"row\"><div class=\"col-md-12\"><div class=\"form-group psfb-single-container\"><label class=\"control-label col-md-2\" for=\"psfield_1248_4\">Geburtsdatum<span class=\"psfb_required_mark\">*<\/span><\/label><div class=\" col-md-10\"><input type=\"text\" required=\"required\" data-required=\"required\" name=\"Geburtsdatum\" value=\"\" class=\"form-control  \" id=\"psfield_1248_4\" style=\"\"\/><\/div><\/div><\/div><\/div><div class=\"row\"><div class=\"col-md-12\"><div class=\"form-group psfb-single-container\"><label class=\"control-label col-md-2\" for=\"psfield_1248_5\">Telefon<\/label><div class=\" col-md-10\"><input type=\"text\" name=\"Telefon\" value=\"\" class=\"form-control  \" id=\"psfield_1248_5\" style=\"\"\/><\/div><\/div><\/div><\/div><div class=\"row\"><div class=\"col-md-12\"><div class=\"form-group psfb-single-container\"><label class=\"control-label col-md-2\" for=\"psfield_1248_6\">E-Mail<span class=\"psfb_required_mark\">*<\/span><\/label><div class=\" col-md-10\"><input type=\"email\" required=\"required\" data-required=\"required\" name=\"E_Mail\" value=\"\" class=\"form-control  \" id=\"psfield_1248_6\" style=\"\"\/><\/div><\/div><\/div><\/div><div class=\"row\"><div class=\"col-md-12\"><div class=\"form-group psfb-single-container\"><h1 class=\"\">Terminwunsch<\/h1><\/div><\/div><\/div><div class=\"row\"><div class=\"col-md-12\"><div class=\"form-group psfb-single-container\"><label class=\"control-label col-md-2\" for=\"psfield_1248_8\">Wochentag<\/label><div class=\" col-md-10\"><select name=\"Wochentag\" class=\"form-control  \" id=\"psfield_1248_8\" style=\"\"><option value=\"beliebig\" selected=\"selected\">beliebig<\/option><option value=\"Montag\">Montag<\/option><option value=\"Dienstag\">Dienstag<\/option><option value=\"Mittwoch\">Mittwoch<\/option><option value=\"Donnerstag\">Donnerstag<\/option><option value=\"Freitag\">Freitag<\/option><\/select><\/div><\/div><\/div><\/div><div class=\"row\"><div class=\"col-md-12\"><div class=\"form-group psfb-single-container\"><label class=\"control-label col-md-2\" for=\"psfield_1248_9\">Uhrzeit<\/label><div class=\" col-md-10\"><select name=\"Uhrzeit\" class=\"form-control  \" id=\"psfield_1248_9\" style=\"\"><option value=\"beliebig\" selected=\"selected\">beliebig<\/option><option value=\"08:00 Uhr\">08:00 Uhr<\/option><option value=\"08:30 Uhr\">08:30 Uhr<\/option><option value=\"09:00 Uhr\">09:00 Uhr<\/option><option value=\"09:30 Uhr\">09:30 Uhr<\/option><option value=\"10:00 Uhr\">10:00 Uhr<\/option><option value=\"10:30 Uhr\">10:30 Uhr<\/option><option value=\"11:00 Uhr\">11:00 Uhr<\/option><option value=\"11:30 Uhr\">11:30 Uhr<\/option><option value=\"12:00 Uhr\">12:00 Uhr<\/option><option value=\"12:30 Uhr\">12:30 Uhr<\/option><option value=\"13:00 Uhr\">13:00 Uhr<\/option><option value=\"13:30 Uhr\">13:30 Uhr<\/option><option value=\"14:00 Uhr\">14:00 Uhr<\/option><option value=\"14:30 Uhr\">14:30 Uhr<\/option><option value=\"15:00 Uhr\">15:00 Uhr<\/option><option value=\"15:30 Uhr\">15:30 Uhr<\/option><option value=\"16:00 Uhr\">16:00 Uhr<\/option><option value=\"16:30 Uhr\">16:30 Uhr<\/option><\/select><\/div><\/div><\/div><\/div><div class=\"row\"><div class=\"col-md-12\"><div class=\"form-group psfb-single-container\"><label class=\"control-label col-md-2\" for=\"psfield_1248_10\">Grund<\/label><div class=\" col-md-10\"><select name=\"Grund\" class=\"form-control  \" id=\"psfield_1248_10\" style=\"\"><option value=\"beliebig\" selected=\"selected\">beliebig<\/option><option value=\"Kontrolluntersuchung\">Kontrolluntersuchung<\/option><option value=\"Erstuntersuchung\">Erstuntersuchung<\/option><option value=\"Beratungstermin\">Beratungstermin<\/option><option value=\"Prophylaxebehandlung\">Prophylaxebehandlung<\/option><option value=\"Kieferorthop\u00e4discher Beratungstermin\">Kieferorthop\u00e4discher Beratungstermin<\/option><option value=\"Implantologischer Beratungstermin\">Implantologischer Beratungstermin<\/option><option value=\"Sonstiges\">Sonstiges<\/option><\/select><\/div><\/div><\/div><\/div><div class=\"row\"><div class=\"col-md-12\"><div class=\"form-group psfb-single-container\"><label class=\"control-label col-md-2\" for=\"psfield_1248_11\">Arzt<\/label><div class=\" col-md-10\"><select name=\"Arzt\" class=\"form-control  \" id=\"psfield_1248_11\" style=\"\"><option value=\"beliebig\" selected=\"selected\">beliebig<\/option><option value=\"Dr. Edgar Tr\u00fcbenbach\">Dr. Edgar Tr\u00fcbenbach<\/option><option value=\"Dr. Fritz Vodegel\">Dr. Fritz Vodegel<\/option><option value=\"Sonja Wiesweg\">Sonja Wiesweg<\/option><option value=\"\"><\/option><option value=\"\"><\/option><\/select><\/div><\/div><\/div><\/div><div class=\"row\"><div class=\"col-md-12\"><div class=\"form-group psfb-single-container\"><label class=\"control-label col-md-2\" for=\"psfield_1248_12\">Nachricht<\/label><div class=\" col-md-10\"><textarea name=\"Nachricht\" class=\"form-control  \" id=\"psfield_1248_12\" style=\"height: 120px;\"><\/textarea><\/div><\/div><\/div><\/div><div class=\"row\"><div class=\"col-md-12\"><div class=\"form-group psfb-single-container\"><label class=\" col-md-2 control-label\">&nbsp;<\/label><div class=\" col-md-10\"><div style=\"position:relative;z-index:1;\"><button type=\"submit\" class=\"btn btn-primary                            \" id=\"psfield_1248_13\" style=\"\">Senden<\/button><\/div><\/div><\/div><\/div><\/div><\/div><\/form>\n<\/div><\/div><\/div><\/div><\/div><\/div>","protected":false},"excerpt":{"rendered":"<p>Nehmen Sie mit uns Kontakt auf! MVZ Dr. Tr\u00fcbenbach Casinowall GmbH Casinowall 4-6 46399 Bocholt Telefon 0 28 71 &#8211; 10 07 Falls Sie mit dem PKW anreisen, so finden Sie Parkm\u00f6glichkeiten direkt auf unserem eigenen Parkplatz. F\u00fcr eine gr\u00f6\u00dfere &hellip; <a href=\"http:\/\/proof-bar.de\/krause\/kontakt\/\">Weiterlesen<\/a><\/p>\n","protected":false},"author":1,"featured_media":0,"parent":0,"menu_order":0,"comment_status":"open","ping_status":"closed","template":"","meta":[],"_links":{"self":[{"href":"http:\/\/proof-bar.de\/krause\/wp-json\/wp\/v2\/pages\/13"}],"collection":[{"href":"http:\/\/proof-bar.de\/krause\/wp-json\/wp\/v2\/pages"}],"about":[{"href":"http:\/\/proof-bar.de\/krause\/wp-json\/wp\/v2\/types\/page"}],"author":[{"embeddable":true,"href":"http:\/\/proof-bar.de\/krause\/wp-json\/wp\/v2\/users\/1"}],"replies":[{"embeddable":true,"href":"http:\/\/proof-bar.de\/krause\/wp-json\/wp\/v2\/comments?post=13"}],"version-history":[{"count":17,"href":"http:\/\/proof-bar.de\/krause\/wp-json\/wp\/v2\/pages\/13\/revisions"}],"predecessor-version":[{"id":1348,"href":"http:\/\/proof-bar.de\/krause\/wp-json\/wp\/v2\/pages\/13\/revisions\/1348"}],"wp:attachment":[{"href":"http:\/\/proof-bar.de\/krause\/wp-json\/wp\/v2\/media?parent=13"}],"curies":[{"name":"wp","href":"https:\/\/api.w.org\/{rel}","templated":true}]}}