{"id":320,"date":"2015-09-08T10:09:09","date_gmt":"2015-09-08T08:09:09","guid":{"rendered":"http:\/\/www.rage-holm.de\/\/?page_id=320"},"modified":"2020-02-28T10:26:54","modified_gmt":"2020-02-28T09:26:54","slug":"sprechzeiten","status":"publish","type":"page","link":"http:\/\/proof-bar.de\/krause\/sprechzeiten\/","title":{"rendered":"SPRECHZEITEN"},"content":{"rendered":"<div class=\"row\"> <div class=\"col-md-6  \">\n<div class=\"kad-spacer clearfix\" style=\"height:20px\"><\/div>\n<p>Damit wir Sie in allen Fragen der Zahngesundheit umfassend beraten und optimal behandeln k\u00f6nnen, versuchen wir, so flexibel wie m\u00f6glich auf Ihre Terminw\u00fcnsche einzugehen.<\/p>\n<p>Sie erreichen uns immer zu den angegebenen Sprechzeiten &#8211; aber selbstverst\u00e4ndlich k\u00f6nnen Sie auch au\u00dferhalb der Sprechzeiten einen individuellen Termin vereinbaren.<\/p>\n<h4>Weitere Terminvergaben nach R\u00fccksprache unter der Nummer: 0 28 71 &#8211; 10 07<\/h4>\n<\/div><div class=\"col-md-6  \">\n<div class=\"kad-spacer clearfix\" style=\"height:20px\"><\/div>\n<table>\n<tbody>\n<tr>\n<td style=\"padding: 0px 10px 0px 0px; width: 120px; vertical-align: top;\">\n<h4 style=\"line-height: 17px;\">Montag<\/h4>\n<\/td>\n<td style=\"padding: 0px 10px 0px 0px; vertical-align: top;\">\n<h4 style=\"line-height: 17px;\">08.00 &#8211; 17:00 Uhr<\/h4>\n<\/td>\n<\/tr>\n<\/tbody>\n<\/table>\n<table>\n<tbody>\n<tr>\n<td style=\"padding: 0px 10px 0px 0px; width: 120px; vertical-align: top;\">\n<h4 style=\"line-height: 17px;\">Dienstag<\/h4>\n<\/td>\n<td style=\"padding: 0px 10px 0px 0px; vertical-align: top;\">\n<h4 style=\"line-height: 17px;\">08.00 &#8211; 17:00 Uhr<\/h4>\n<\/td>\n<\/tr>\n<\/tbody>\n<\/table>\n<table>\n<tbody>\n<tr>\n<td style=\"padding: 0px 10px 0px 0px; width: 120px; vertical-align: top;\">\n<h4 style=\"line-height: 17px;\">Mittwoch<\/h4>\n<\/td>\n<td style=\"padding: 0px 10px 0px 0px; vertical-align: top;\">\n<h4 style=\"line-height: 17px;\">08:00 &#8211; 17:00 Uhr<\/h4>\n<\/td>\n<\/tr>\n<\/tbody>\n<\/table>\n<table>\n<tbody>\n<tr>\n<td style=\"padding: 0px 10px 0px 0px; width: 120px; vertical-align: top;\">\n<h4 style=\"line-height: 17px;\">Donnerstag<\/h4>\n<\/td>\n<td style=\"padding: 0px 10px 0px 0px; vertical-align: top;\">\n<h4 style=\"line-height: 17px;\">08:00 &#8211; 17:00 Uhr<\/h4>\n<\/td>\n<\/tr>\n<\/tbody>\n<\/table>\n<table>\n<tbody>\n<tr>\n<td style=\"padding: 0px 10px 0px 0px; width: 120px; vertical-align: top;\">\n<h4 style=\"line-height: 17px;\">Freitag<\/h4>\n<\/td>\n<td style=\"padding: 0px 10px 0px 0px; vertical-align: top;\">\n<h4 style=\"line-height: 17px;\">08:00 &#8211; 17:00 Uhr<\/h4>\n<\/td>\n<\/tr>\n<\/tbody>\n<\/table>\n<\/div><\/div>\n","protected":false},"excerpt":{"rendered":"","protected":false},"author":1,"featured_media":0,"parent":0,"menu_order":0,"comment_status":"closed","ping_status":"closed","template":"","meta":[],"_links":{"self":[{"href":"http:\/\/proof-bar.de\/krause\/wp-json\/wp\/v2\/pages\/320"}],"collection":[{"href":"http:\/\/proof-bar.de\/krause\/wp-json\/wp\/v2\/pages"}],"about":[{"href":"http:\/\/proof-bar.de\/krause\/wp-json\/wp\/v2\/types\/page"}],"author":[{"embeddable":true,"href":"http:\/\/proof-bar.de\/krause\/wp-json\/wp\/v2\/users\/1"}],"replies":[{"embeddable":true,"href":"http:\/\/proof-bar.de\/krause\/wp-json\/wp\/v2\/comments?post=320"}],"version-history":[{"count":46,"href":"http:\/\/proof-bar.de\/krause\/wp-json\/wp\/v2\/pages\/320\/revisions"}],"predecessor-version":[{"id":1344,"href":"http:\/\/proof-bar.de\/krause\/wp-json\/wp\/v2\/pages\/320\/revisions\/1344"}],"wp:attachment":[{"href":"http:\/\/proof-bar.de\/krause\/wp-json\/wp\/v2\/media?parent=320"}],"curies":[{"name":"wp","href":"https:\/\/api.w.org\/{rel}","templated":true}]}}